{"id":22,"date":"2013-09-05T19:12:03","date_gmt":"2013-09-05T19:12:03","guid":{"rendered":"http:\/\/mvtransport.lt\/en\/?page_id=22"},"modified":"2014-11-11T07:34:17","modified_gmt":"2014-11-11T07:34:17","slug":"order-form","status":"publish","type":"page","link":"https:\/\/mvtransport.lt\/en\/order-form\/","title":{"rendered":"Order form"},"content":{"rendered":"\nU\u017epildykite \u0161i\u0105 form\u0105 ir mes paimsime J\u016bs\u0173 siunt\u0105. Papildomai skambinti nereikia. Kurjeris susisieks su Jumis, valanda prie\u0161 atva\u017eiuojant.\n<!-- Fast Secure Contact Form plugin 3.1.9.1 - begin - FastSecureContactForm.com -->\n<div id=\"FSContact1\" style=\"width:375px;\">\n<form enctype=\"multipart\/form-data\" action=\"https:\/\/mvtransport.lt\/en\/wp-json\/wp\/v2\/pages\/22#FSContact1\" id=\"si_contact_form1\" method=\"post\">\n\n         <div>\n               <input type=\"hidden\" name=\"si_contact_CID\" value=\"1\" \/>\n        <\/div>\n\n    <div style=\"clear:both;\"><\/div>\n<div id=\"siuntejoduomenys\"><p style=\"font-size: 14px; padding-top: 20px;\"><strong>Data of the sender<\/strong><\/p>\n\n        <div style=\"text-align:left; padding-top:5px;\">\n                <label for=\"si_contact_ex_field1_1\">Siunt\u0117jo vardas ir pavard\u0117<\/label>\n        <\/div>\n        <div style=\"text-align:left;\">\n                <input style=\"text-align:left; margin:0;\" type=\"text\" id=\"si_contact_ex_field1_1\" name=\"si_contact_ex_field1\" value=\"\"  size=\"40\" \/>\n        <\/div>\n\n        <div style=\"text-align:left; padding-top:5px;\">\n                <label for=\"si_contact_ex_field1_2\">Telefono numeris:<\/label>\n        <\/div>\n        <div style=\"text-align:left;\">\n                <input style=\"text-align:left; margin:0;\" type=\"text\" id=\"si_contact_ex_field1_2\" name=\"si_contact_ex_field2\" value=\"\"  size=\"40\" \/>\n        <\/div>\n\n        <div style=\"text-align:left; padding-top:5px;\">\n                <label for=\"si_contact_ex_field1_3\">Papildomas tel. numeris:<\/label>\n        <\/div>\n        <div style=\"text-align:left;\">\n                <input style=\"text-align:left; margin:0;\" type=\"text\" id=\"si_contact_ex_field1_3\" name=\"si_contact_ex_field3\" value=\"\"  size=\"40\" \/>\n        <\/div>\n\n        <div style=\"text-align:left; padding-top:5px;\">\n                <label for=\"si_contact_ex_field1_4\">Siunt\u0117jo adresas (pa\u0161to kodas, miestas, gatv\u0117, namo nr.):<\/label>\n        <\/div>\n        <div style=\"text-align:left;\">\n                <input style=\"text-align:left; margin:0;\" type=\"text\" id=\"si_contact_ex_field1_4\" name=\"si_contact_ex_field4\" value=\"\"  size=\"40\" \/>\n        <\/div>\n\n        <div style=\"text-align:left; padding-top:5px;\">\n                <label for=\"si_contact_ex_field1_5\">El.pa\u0161tas:<\/label>\n        <\/div>\n        <div style=\"text-align:left;\">\n                <input style=\"text-align:left; margin:0;\" type=\"email\" id=\"si_contact_ex_field1_5\" name=\"si_contact_ex_field5\" value=\"\"  size=\"40\" \/>\n        <\/div>\n\n        <div style=\"text-align:left; padding-top:5px;\">\n                <label for=\"si_contact_ex_field1_6\">Siuntos svoris:<\/label>\n        <\/div>\n        <div style=\"text-align:left;\">\n                <input style=\"text-align:left; margin:0;\" type=\"text\" id=\"si_contact_ex_field1_6\" name=\"si_contact_ex_field6\" value=\"\"  size=\"40\" \/>\n        <\/div>\n\n        <div style=\"text-align:left; padding-top:5px;\">\n                <label for=\"si_contact_ex_field1_7\">Siuntos matmenys: (neprivaloma, jei siuntinys n\u0117ra didelis)<\/label>\n        <\/div>\n        <div style=\"text-align:left;\">\n                <input style=\"text-align:left; margin:0;\" type=\"text\" id=\"si_contact_ex_field1_7\" name=\"si_contact_ex_field7\" value=\"\"  size=\"40\" \/>\n        <\/div>\n\n        <div style=\"text-align:left; padding-top:5px;\">\n                <label for=\"si_contact_ex_field1_8\">Trumpas j\u016bs\u0173 siuntinio apra\u0161ymas:<\/label>\n        <\/div>\n        <div style=\"text-align:left;\">\n                <input style=\"text-align:left; margin:0;\" type=\"text\" id=\"si_contact_ex_field1_8\" name=\"si_contact_ex_field8\" value=\"(d\u0117\u017e\u0117, krep\u0161ys, dviratis, paketas)\"  size=\"40\" \/>\n        <\/div>\n\n        <div style=\"text-align:left; padding-top:5px;\">\n                <label for=\"si_contact_ex_field1_9\">Gav\u0117jo vardas, pavard\u0117<\/label>\n        <\/div>\n        <div style=\"text-align:left;\">\n                <input style=\"text-align:left; margin:0;\" type=\"text\" id=\"si_contact_ex_field1_9\" name=\"si_contact_ex_field9\" value=\"\"  size=\"40\" \/>\n        <\/div>\n\n        <div style=\"text-align:left; padding-top:5px;\">\n                <label for=\"si_contact_ex_field1_10\">Telefono numeris:<\/label>\n        <\/div>\n        <div style=\"text-align:left;\">\n                <input style=\"text-align:left; margin:0;\" type=\"text\" id=\"si_contact_ex_field1_10\" name=\"si_contact_ex_field10\" value=\"\"  size=\"40\" \/>\n        <\/div>\n\n        <div style=\"text-align:left; padding-top:5px;\">\n                <label for=\"si_contact_ex_field1_11\">Papildomas telefono numeris:<\/label>\n        <\/div>\n        <div style=\"text-align:left;\">\n                <input style=\"text-align:left; margin:0;\" type=\"text\" id=\"si_contact_ex_field1_11\" name=\"si_contact_ex_field11\" value=\"\"  size=\"40\" \/>\n        <\/div>\n\n        <div style=\"text-align:left; padding-top:5px;\">\n                <label for=\"si_contact_ex_field1_12\">El.pa\u0161tas:<\/label>\n        <\/div>\n        <div style=\"text-align:left;\">\n                <input style=\"text-align:left; margin:0;\" type=\"email\" id=\"si_contact_ex_field1_12\" name=\"si_contact_ex_field12\" value=\"\"  size=\"40\" \/>\n        <\/div>\n\n        <div style=\"text-align:left; padding-top:5px;\">\n                <label for=\"si_contact_ex_field1_13\">Gav\u0117jo adresas:<\/label>\n        <\/div>\n        <div style=\"text-align:left;\">\n                <input style=\"text-align:left; margin:0;\" type=\"text\" id=\"si_contact_ex_field1_13\" name=\"si_contact_ex_field13\" value=\"\"  size=\"40\" \/>\n        <\/div>\n\n        <div style=\"text-align:left; padding-top:5px;\">\n                <label for=\"si_contact_ex_field1_14\">Komentarai:<\/label>\n        <\/div>\n        <div style=\"text-align:left;\">\n                <input style=\"text-align:left; margin:0;\" type=\"text\" id=\"si_contact_ex_field1_14\" name=\"si_contact_ex_field14\" value=\"\"  size=\"40\" \/>\n        <\/div>\n\n        <div style=\"text-align:left; padding-top:5px;\">\n         <\/div>\n         <div style=\"text-align:left;\">\n                <input type=\"checkbox\" style=\"width:13px;\" id=\"si_contact_ex_field1_15\" name=\"si_contact_ex_field15\" value=\"selected\"  \/> <label style=\"display:inline;\" for=\"si_contact_ex_field1_15\">Sutinku su TAISYKL\u0116MIS<\/label>\n        <\/div>\n\n        <div style=\"text-align:left; padding-top:5px;\">\n                <label for=\"si_contact_ex_field1_16\">Pageidaujama i\u0161vykimo data: Lietuva \u2013 Airija<\/label>\n        <\/div>\n                \t\t\n                \t\t\n        <div style=\"text-align:left;\">\n               <select style=\"text-align:left; margin:0;\" id=\"si_contact_ex_field1_16\" name=\"si_contact_ex_field16\">\n                  <option value=\"\u00a0\">\u00a0<\/option>\n          <option value=\"April 30 d.\">April 30 d.<\/option>\n          <option value=\"May 3 d.\">May 3 d.<\/option>\n          <option value=\"May 7 d.\">May 7 d.<\/option>\n          <option value=\"May 10 d.\">May 10 d.<\/option>\n          <option value=\"May 14 d.\">May 14 d.<\/option>\n          <option value=\"May 17 d.\">May 17 d.<\/option>\n          <option value=\"May 21 d.\">May 21 d.<\/option>\n          <option value=\"May 24 d.\">May 24 d.<\/option>\n          <option value=\"May 28 d.\">May 28 d.<\/option>\n          <option value=\"May 31 d.\">May 31 d.<\/option>\n           <\/select>\n        <\/div>\n\n        <div style=\"text-align:left; padding-top:5px;\">\n                <label for=\"si_contact_ex_field1_17\">Pageidaujama i\u0161vykimo data: Airija - Lietuva<\/label>\n        <\/div>\n                \t\t\n                \t\t\n        <div style=\"text-align:left;\">\n               <select style=\"text-align:left; margin:0;\" id=\"si_contact_ex_field1_17\" name=\"si_contact_ex_field17\">\n                  <option value=\"\u00a0\">\u00a0<\/option>\n          <option value=\"April 24 d.\">April 24 d.<\/option>\n          <option value=\"May 1 d.\">May 1 d.<\/option>\n          <option value=\"May 8 d.\">May 8 d.<\/option>\n          <option value=\"May 15 d.\">May 15 d.<\/option>\n          <option value=\"May 22 d.\">May 22 d.<\/option>\n          <option value=\"May 29 d.\">May 29 d.<\/option>\n           <\/select>\n        <\/div>\n\n        <div style=\"text-align:left; padding-top:5px;\">\n                <label for=\"si_contact_ex_field1_18\">Prid\u0117kite nuotrauk\u0105 ar fail\u0105<\/label>\n        <\/div>\n        <div style=\"text-align:left;\">\n                <input style=\"text-align:left; margin:0;\" type=\"file\" id=\"si_contact_ex_field1_18\" name=\"si_contact_ex_field18\" value=\"\"  size=\"20\"  \/><br \/><span style=\"font-size:x-small;\">Acceptable file types: .<br \/>Maximum file size: 1mb.<\/span>        <\/div>\n\n<div style=\"text-align:left; padding-top:5px;\"> <\/div>\n <div style=\"width:250px; height:65px; padding-top:2px;\">\n    <img loading=\"lazy\" decoding=\"async\" class=\"ctf-captcha\" id=\"si_image_ctf1\" style=\"border-style:none; margin:0; padding:0px; padding-right:5px; float:left;\" src=\"https:\/\/mvtransport.lt\/en\/wp-content\/plugins\/si-contact-form\/captcha\/securimage_show.php?ctf_form_num=1\" width=\"175\" height=\"60\" alt=\"CAPTCHA Image\" title=\"CAPTCHA Image\" \/>\n    <div id=\"si_refresh_ctf1\">\n      <a href=\"#\" rel=\"nofollow\" title=\"Refresh Image\" onclick=\"document.getElementById('si_image_ctf1').src = 'https:\/\/mvtransport.lt\/en\/wp-content\/plugins\/si-contact-form\/captcha\/securimage_show.php?ctf_form_num=1&amp;sid=' + Math.random(); return false;\">\n      <img loading=\"lazy\" decoding=\"async\" src=\"https:\/\/mvtransport.lt\/en\/wp-content\/plugins\/si-contact-form\/captcha\/images\/refresh.png\" width=\"22\" height=\"20\" alt=\"Refresh Image\" style=\"border-style:none; margin:0; padding:0px; vertical-align:bottom;\" onclick=\"this.blur();\" \/><\/a>\n   <\/div>\n   <\/div>\n\n      <div style=\"text-align:left; padding-top:5px;\">\n                <label for=\"si_contact_captcha_code1\">CAPTCHA Code:<\/label>\n        <\/div>\n        <div style=\"text-align:left;\">\n                <input style=\"text-align:left; margin:0; width:50px;\" type=\"text\" value=\"\" id=\"si_contact_captcha_code1\" name=\"si_contact_captcha_code\"  size=\"6\" \/>\n       <\/div>\n\n    <input type=\"hidden\" name=\"si_postonce_1\" value=\"88180c2bd033cca0e5a840f559706b95,1777307287\" \/>\n\n<div style=\"text-align:left; padding-top:2px;\">\n  <input type=\"hidden\" name=\"si_contact_action\" value=\"send\" \/>\n  <input type=\"hidden\" name=\"si_contact_form_id\" value=\"1\" \/>\n  <input type=\"submit\" id=\"fsc-submit-1\" style=\"cursor:pointer; margin:0;\" value=\"Submit\" \/> \n<\/div>\n\n<\/form>\n<\/div>\n<!-- Fast Secure Contact Form plugin 3.1.9.1 - end - FastSecureContactForm.com -->\n","protected":false},"excerpt":{"rendered":"<div class=\"placiaukategorijos\"><a href=\"https:\/\/mvtransport.lt\/en\/order-form\/\">Read more...<\/a><\/div>","protected":false},"author":1,"featured_media":0,"parent":0,"menu_order":0,"comment_status":"open","ping_status":"open","template":"","meta":{"_acf_changed":false,"footnotes":""},"class_list":["post-22","page","type-page","status-publish","hentry"],"acf":[],"_links":{"self":[{"href":"https:\/\/mvtransport.lt\/en\/wp-json\/wp\/v2\/pages\/22","targetHints":{"allow":["GET"]}}],"collection":[{"href":"https:\/\/mvtransport.lt\/en\/wp-json\/wp\/v2\/pages"}],"about":[{"href":"https:\/\/mvtransport.lt\/en\/wp-json\/wp\/v2\/types\/page"}],"author":[{"embeddable":true,"href":"https:\/\/mvtransport.lt\/en\/wp-json\/wp\/v2\/users\/1"}],"replies":[{"embeddable":true,"href":"https:\/\/mvtransport.lt\/en\/wp-json\/wp\/v2\/comments?post=22"}],"version-history":[{"count":4,"href":"https:\/\/mvtransport.lt\/en\/wp-json\/wp\/v2\/pages\/22\/revisions"}],"predecessor-version":[{"id":323,"href":"https:\/\/mvtransport.lt\/en\/wp-json\/wp\/v2\/pages\/22\/revisions\/323"}],"wp:attachment":[{"href":"https:\/\/mvtransport.lt\/en\/wp-json\/wp\/v2\/media?parent=22"}],"curies":[{"name":"wp","href":"https:\/\/api.w.org\/{rel}","templated":true}]}}